{"id":1833,"date":"2025-05-16T13:08:41","date_gmt":"2025-05-16T17:08:41","guid":{"rendered":"https:\/\/cory-albert.com\/?page_id=1833"},"modified":"2025-05-22T13:52:58","modified_gmt":"2025-05-22T17:52:58","slug":"privacy-policy","status":"publish","type":"page","link":"https:\/\/cory-albert.com\/en\/privacy-policy\/","title":{"rendered":"Privacy Policy"},"content":{"rendered":"\t\t<div data-elementor-type=\"wp-page\" data-elementor-id=\"1833\" class=\"elementor elementor-1833 elementor-1832\" data-elementor-post-type=\"page\">\n\t\t\t\t<div class=\"elementor-element elementor-element-ad4a52a e-flex e-con-boxed e-con e-parent\" data-id=\"ad4a52a\" data-element_type=\"container\" data-e-type=\"container\" data-settings=\"{&quot;background_background&quot;:&quot;classic&quot;}\">\n\t\t\t\t\t<div class=\"e-con-inner\">\n\t\t\t\t<div class=\"elementor-element elementor-element-6fb925a elementor-absolute elementor-invisible elementor-widget elementor-widget-image\" data-id=\"6fb925a\" data-element_type=\"widget\" data-e-type=\"widget\" data-settings=\"{&quot;_position&quot;:&quot;absolute&quot;,&quot;_animation&quot;:&quot;fadeInUp&quot;,&quot;_animation_delay&quot;:100}\" data-widget_type=\"image.default\">\n\t\t\t\t<div class=\"elementor-widget-container\">\n\t\t\t\t\t\t\t\t\t\t\t\t\t\t\t<img fetchpriority=\"high\" decoding=\"async\" width=\"619\" height=\"1024\" src=\"https:\/\/cory-albert.com\/wp-content\/uploads\/2023\/12\/texture-619x1024.png\" class=\"attachment-large size-large wp-image-1489\" alt=\"\" srcset=\"https:\/\/cory-albert.com\/wp-content\/uploads\/2023\/12\/texture-619x1024.png 619w, https:\/\/cory-albert.com\/wp-content\/uploads\/2023\/12\/texture-181x300.png 181w, https:\/\/cory-albert.com\/wp-content\/uploads\/2023\/12\/texture-768x1271.png 768w, https:\/\/cory-albert.com\/wp-content\/uploads\/2023\/12\/texture-928x1536.png 928w, https:\/\/cory-albert.com\/wp-content\/uploads\/2023\/12\/texture.png 1017w\" sizes=\"(max-width: 619px) 100vw, 619px\" \/>\t\t\t\t\t\t\t\t\t\t\t\t\t\t\t<\/div>\n\t\t\t\t<\/div>\n\t\t<div class=\"elementor-element elementor-element-8a1732c e-con-full e-flex e-con e-child\" data-id=\"8a1732c\" data-element_type=\"container\" data-e-type=\"container\">\n\t\t\t\t<div data-dce-title-color=\"#FFFFFF\" class=\"elementor-element elementor-element-0d8e293 elementor-invisible elementor-widget elementor-widget-heading\" data-id=\"0d8e293\" data-element_type=\"widget\" data-e-type=\"widget\" data-settings=\"{&quot;_animation&quot;:&quot;fadeInUp&quot;}\" data-widget_type=\"heading.default\">\n\t\t\t\t<div class=\"elementor-widget-container\">\n\t\t\t\t\t<h1 class=\"elementor-heading-title elementor-size-default\">Privacy Policy<\/h1>\t\t\t\t<\/div>\n\t\t\t\t<\/div>\n\t\t\t\t<\/div>\n\t\t\t\t\t<\/div>\n\t\t\t\t<\/div>\n\t\t<div class=\"elementor-element elementor-element-689ca28 e-flex e-con-boxed e-con e-parent\" data-id=\"689ca28\" data-element_type=\"container\" data-e-type=\"container\">\n\t\t\t\t\t<div class=\"e-con-inner\">\n\t\t<div class=\"elementor-element elementor-element-b51badc e-flex e-con-boxed e-con e-child\" data-id=\"b51badc\" data-element_type=\"container\" data-e-type=\"container\">\n\t\t\t\t\t<div class=\"e-con-inner\">\n\t\t<div class=\"elementor-element elementor-element-b5318c8 e-flex e-con-boxed e-con e-child\" data-id=\"b5318c8\" data-element_type=\"container\" data-e-type=\"container\">\n\t\t\t\t\t<div class=\"e-con-inner\">\n\t\t<div class=\"elementor-element elementor-element-e5bb303 e-con-full e-flex e-con e-child\" data-id=\"e5bb303\" data-element_type=\"container\" data-e-type=\"container\">\n\t\t\t\t<div class=\"elementor-element elementor-element-0fad3cc elementor-widget elementor-widget-heading\" data-id=\"0fad3cc\" data-element_type=\"widget\" data-e-type=\"widget\" data-widget_type=\"heading.default\">\n\t\t\t\t<div class=\"elementor-widget-container\">\n\t\t\t\t\t<h2 class=\"elementor-heading-title elementor-size-default\">1.\tIntroduction <\/h2>\t\t\t\t<\/div>\n\t\t\t\t<\/div>\n\t\t\t\t<div class=\"elementor-element elementor-element-c21e3d6 elementor-widget elementor-widget-text-editor\" data-id=\"c21e3d6\" data-element_type=\"widget\" data-e-type=\"widget\" data-widget_type=\"text-editor.default\">\n\t\t\t\t<div class=\"elementor-widget-container\">\n\t\t\t\t\t\t\t\t\t<p>The website <a class=\"\" href=\"http:\/\/www.cory-albert.com\" target=\"_new\" rel=\"noopener\" data-start=\"54\" data-end=\"73\">www.cory-albert.com<\/a> is owned and operated by the company:<\/p><p><span style=\"font-weight: 400;\">Business name and legal status: <strong>CORY ALBERT INVESTISSEMENT IMMOBILIER INC<\/strong><\/span><\/p><p><span style=\"font-weight: 400;\">Represented by: <strong>Cory Albert<\/strong><\/span><\/p>\t\t\t\t\t\t\t\t<\/div>\n\t\t\t\t<\/div>\n\t\t\t\t<div class=\"elementor-element elementor-element-0993f44 elementor-widget elementor-widget-heading\" data-id=\"0993f44\" data-element_type=\"widget\" data-e-type=\"widget\" data-widget_type=\"heading.default\">\n\t\t\t\t<div class=\"elementor-widget-container\">\n\t\t\t\t\t<h2 class=\"elementor-heading-title elementor-size-default\">2.\tHead Office and Mailing Address<\/h2>\t\t\t\t<\/div>\n\t\t\t\t<\/div>\n\t\t\t\t<div class=\"elementor-element elementor-element-cf3c955 elementor-widget elementor-widget-text-editor\" data-id=\"cf3c955\" data-element_type=\"widget\" data-e-type=\"widget\" data-widget_type=\"text-editor.default\">\n\t\t\t\t<div class=\"elementor-widget-container\">\n\t\t\t\t\t\t\t\t\t<p><strong>CAI IMMOBILIER INC<\/strong><\/p><p>3200 Autoroute Laval O \u2013 Laval, QC, H7T 2H6 \u2013 Canada<\/p>\t\t\t\t\t\t\t\t<\/div>\n\t\t\t\t<\/div>\n\t\t\t\t<div class=\"elementor-element elementor-element-a65c861 elementor-widget elementor-widget-heading\" data-id=\"a65c861\" data-element_type=\"widget\" data-e-type=\"widget\" data-widget_type=\"heading.default\">\n\t\t\t\t<div class=\"elementor-widget-container\">\n\t\t\t\t\t<h2 class=\"elementor-heading-title elementor-size-default\">3.\tWeb Hosting<\/h2>\t\t\t\t<\/div>\n\t\t\t\t<\/div>\n\t\t\t\t<div class=\"elementor-element elementor-element-c213aa0 elementor-widget elementor-widget-text-editor\" data-id=\"c213aa0\" data-element_type=\"widget\" data-e-type=\"widget\" data-widget_type=\"text-editor.default\">\n\t\t\t\t<div class=\"elementor-widget-container\">\n\t\t\t\t\t\t\t\t\t<p>Website hosting services are provided by the company.<\/p>\t\t\t\t\t\t\t\t<\/div>\n\t\t\t\t<\/div>\n\t\t\t\t<div class=\"elementor-element elementor-element-0d29dd0 elementor-widget elementor-widget-heading\" data-id=\"0d29dd0\" data-element_type=\"widget\" data-e-type=\"widget\" data-widget_type=\"heading.default\">\n\t\t\t\t<div class=\"elementor-widget-container\">\n\t\t\t\t\t<h2 class=\"elementor-heading-title elementor-size-default\">4.\tTechnical Provider<\/h2>\t\t\t\t<\/div>\n\t\t\t\t<\/div>\n\t\t\t\t<div class=\"elementor-element elementor-element-5c6938b elementor-widget elementor-widget-text-editor\" data-id=\"5c6938b\" data-element_type=\"widget\" data-e-type=\"widget\" data-widget_type=\"text-editor.default\">\n\t\t\t\t<div class=\"elementor-widget-container\">\n\t\t\t\t\t\t\t\t\t<p><a href=\"http:\/\/www.cory-albert.com\"><span style=\"font-weight: 400;\">www.cory-albert.com <\/span><\/a><\/p>\t\t\t\t\t\t\t\t<\/div>\n\t\t\t\t<\/div>\n\t\t\t\t<div class=\"elementor-element elementor-element-8469f8b elementor-widget elementor-widget-heading\" data-id=\"8469f8b\" data-element_type=\"widget\" data-e-type=\"widget\" data-widget_type=\"heading.default\">\n\t\t\t\t<div class=\"elementor-widget-container\">\n\t\t\t\t\t<h2 class=\"elementor-heading-title elementor-size-default\">5.\tGraphic Design<\/h2>\t\t\t\t<\/div>\n\t\t\t\t<\/div>\n\t\t\t\t<div class=\"elementor-element elementor-element-c24e3a4 elementor-widget elementor-widget-text-editor\" data-id=\"c24e3a4\" data-element_type=\"widget\" data-e-type=\"widget\" data-widget_type=\"text-editor.default\">\n\t\t\t\t<div class=\"elementor-widget-container\">\n\t\t\t\t\t\t\t\t\t<p><a href=\"http:\/\/www.cory-albert.com\"><span style=\"font-weight: 400;\">www.cory-albert.com <\/span><\/a><\/p>\t\t\t\t\t\t\t\t<\/div>\n\t\t\t\t<\/div>\n\t\t\t\t<div class=\"elementor-element elementor-element-69a5eb9 elementor-widget elementor-widget-heading\" data-id=\"69a5eb9\" data-element_type=\"widget\" data-e-type=\"widget\" data-widget_type=\"heading.default\">\n\t\t\t\t<div class=\"elementor-widget-container\">\n\t\t\t\t\t<h2 class=\"elementor-heading-title elementor-size-default\">6.\tGeneral Information<\/h2>\t\t\t\t<\/div>\n\t\t\t\t<\/div>\n\t\t\t\t<div class=\"elementor-element elementor-element-76a749f elementor-widget elementor-widget-text-editor\" data-id=\"76a749f\" data-element_type=\"widget\" data-e-type=\"widget\" data-widget_type=\"text-editor.default\">\n\t\t\t\t<div class=\"elementor-widget-container\">\n\t\t\t\t\t\t\t\t\t<p>By using the website <a class=\"\" href=\"http:\/\/www.cory-albert.com\" target=\"_new\" rel=\"noopener\" data-start=\"562\" data-end=\"581\">www.cory-albert.com<\/a> (hereinafter referred to as &#8220;the site&#8221;), you expressly accept the terms of use, terms of sale, and the privacy policy outlined below.<\/p>\t\t\t\t\t\t\t\t<\/div>\n\t\t\t\t<\/div>\n\t\t\t\t<div class=\"elementor-element elementor-element-4298a08 elementor-widget elementor-widget-heading\" data-id=\"4298a08\" data-element_type=\"widget\" data-e-type=\"widget\" data-widget_type=\"heading.default\">\n\t\t\t\t<div class=\"elementor-widget-container\">\n\t\t\t\t\t<h2 class=\"elementor-heading-title elementor-size-default\">7.\tCopyright<\/h2>\t\t\t\t<\/div>\n\t\t\t\t<\/div>\n\t\t\t\t<div class=\"elementor-element elementor-element-26f852e elementor-widget elementor-widget-text-editor\" data-id=\"26f852e\" data-element_type=\"widget\" data-e-type=\"widget\" data-widget_type=\"text-editor.default\">\n\t\t\t\t<div class=\"elementor-widget-container\">\n\t\t\t\t\t\t\t\t\t<p>All content on this site\u2014including text, images, videos, audio, and source code\u2014is considered data and is the property of its creator. No content may be used, modified, or reproduced without the written consent of the site owner.<\/p>\t\t\t\t\t\t\t\t<\/div>\n\t\t\t\t<\/div>\n\t\t\t\t<div class=\"elementor-element elementor-element-a6dac18 elementor-widget elementor-widget-text-editor\" data-id=\"a6dac18\" data-element_type=\"widget\" data-e-type=\"widget\" data-widget_type=\"text-editor.default\">\n\t\t\t\t<div class=\"elementor-widget-container\">\n\t\t\t\t\t\t\t\t\t<p>CAI IMMOBILIER INC \u2013 3200 Autoroute Laval O, Laval, QC, H7T 2H6<\/p>\t\t\t\t\t\t\t\t<\/div>\n\t\t\t\t<\/div>\n\t\t\t\t<\/div>\n\t\t\t\t\t<\/div>\n\t\t\t\t<\/div>\n\t\t\t\t\t<\/div>\n\t\t\t\t<\/div>\n\t\t\t\t\t<\/div>\n\t\t\t\t<\/div>\n\t\t\t\t<\/div>\n\t\t","protected":false},"excerpt":{"rendered":"<p>Privacy Policy 1. Introduction The website www.cory-albert.com is owned and operated by the company: Business name and legal status: CORY ALBERT INVESTISSEMENT IMMOBILIER INC Represented by: Cory Albert 2. Head Office and Mailing Address CAI IMMOBILIER INC 3200 Autoroute Laval O \u2013 Laval, QC, H7T 2H6 \u2013 Canada 3. Web Hosting Website hosting services are [&hellip;]<\/p>\n","protected":false},"author":1,"featured_media":0,"parent":0,"menu_order":0,"comment_status":"closed","ping_status":"closed","template":"","meta":{"_acf_changed":false,"_seopress_robots_primary_cat":"","_seopress_titles_title":"Cory Albert | Mentor et Coach en Investissement immobilier","_seopress_titles_desc":"Au-del\u00e0 des chiffres et l\u2019argent, Cory est un ami et un mentor qui croit en la puissance de chacun \u00e0 b\u00e2tir sa propre libert\u00e9 financi\u00e8re gr\u00e2ce a l\u2019immobilier.","_seopress_robots_index":"","_monsterinsights_skip_tracking":false,"_monsterinsights_sitenote_active":false,"_monsterinsights_sitenote_note":"","_monsterinsights_sitenote_category":0,"footnotes":""},"class_list":["post-1833","page","type-page","status-publish","hentry"],"acf":[],"aioseo_notices":[],"_links":{"self":[{"href":"https:\/\/cory-albert.com\/en\/wp-json\/wp\/v2\/pages\/1833","targetHints":{"allow":["GET"]}}],"collection":[{"href":"https:\/\/cory-albert.com\/en\/wp-json\/wp\/v2\/pages"}],"about":[{"href":"https:\/\/cory-albert.com\/en\/wp-json\/wp\/v2\/types\/page"}],"author":[{"embeddable":true,"href":"https:\/\/cory-albert.com\/en\/wp-json\/wp\/v2\/users\/1"}],"replies":[{"embeddable":true,"href":"https:\/\/cory-albert.com\/en\/wp-json\/wp\/v2\/comments?post=1833"}],"version-history":[{"count":12,"href":"https:\/\/cory-albert.com\/en\/wp-json\/wp\/v2\/pages\/1833\/revisions"}],"predecessor-version":[{"id":1893,"href":"https:\/\/cory-albert.com\/en\/wp-json\/wp\/v2\/pages\/1833\/revisions\/1893"}],"wp:attachment":[{"href":"https:\/\/cory-albert.com\/en\/wp-json\/wp\/v2\/media?parent=1833"}],"curies":[{"name":"wp","href":"https:\/\/api.w.org\/{rel}","templated":true}]}}