{"id":1844,"date":"2025-05-16T13:22:28","date_gmt":"2025-05-16T17:22:28","guid":{"rendered":"https:\/\/cory-albert.com\/?page_id=1844"},"modified":"2025-05-22T13:56:26","modified_gmt":"2025-05-22T17:56:26","slug":"terms-and-conditions","status":"publish","type":"page","link":"https:\/\/cory-albert.com\/en\/terms-and-conditions\/","title":{"rendered":"Terms and Conditions"},"content":{"rendered":"\t\t<div data-elementor-type=\"wp-page\" data-elementor-id=\"1844\" class=\"elementor elementor-1844 elementor-1843\" data-elementor-post-type=\"page\">\n\t\t\t\t<div class=\"elementor-element elementor-element-ad4a52a e-flex e-con-boxed e-con e-parent\" data-id=\"ad4a52a\" data-element_type=\"container\" data-e-type=\"container\" data-settings=\"{&quot;background_background&quot;:&quot;classic&quot;}\">\n\t\t\t\t\t<div class=\"e-con-inner\">\n\t\t\t\t<div class=\"elementor-element elementor-element-6fb925a elementor-absolute elementor-invisible elementor-widget elementor-widget-image\" data-id=\"6fb925a\" data-element_type=\"widget\" data-e-type=\"widget\" data-settings=\"{&quot;_position&quot;:&quot;absolute&quot;,&quot;_animation&quot;:&quot;fadeInUp&quot;,&quot;_animation_delay&quot;:100}\" data-widget_type=\"image.default\">\n\t\t\t\t<div class=\"elementor-widget-container\">\n\t\t\t\t\t\t\t\t\t\t\t\t\t\t\t<img fetchpriority=\"high\" decoding=\"async\" width=\"619\" height=\"1024\" src=\"https:\/\/cory-albert.com\/wp-content\/uploads\/2023\/12\/texture-619x1024.png\" class=\"attachment-large size-large wp-image-1489\" alt=\"\" srcset=\"https:\/\/cory-albert.com\/wp-content\/uploads\/2023\/12\/texture-619x1024.png 619w, https:\/\/cory-albert.com\/wp-content\/uploads\/2023\/12\/texture-181x300.png 181w, https:\/\/cory-albert.com\/wp-content\/uploads\/2023\/12\/texture-768x1271.png 768w, https:\/\/cory-albert.com\/wp-content\/uploads\/2023\/12\/texture-928x1536.png 928w, https:\/\/cory-albert.com\/wp-content\/uploads\/2023\/12\/texture.png 1017w\" sizes=\"(max-width: 619px) 100vw, 619px\" \/>\t\t\t\t\t\t\t\t\t\t\t\t\t\t\t<\/div>\n\t\t\t\t<\/div>\n\t\t<div class=\"elementor-element elementor-element-8a1732c e-con-full e-flex e-con e-child\" data-id=\"8a1732c\" data-element_type=\"container\" data-e-type=\"container\">\n\t\t\t\t<div data-dce-title-color=\"#FFFFFF\" class=\"elementor-element elementor-element-0d8e293 elementor-invisible elementor-widget elementor-widget-heading\" data-id=\"0d8e293\" data-element_type=\"widget\" data-e-type=\"widget\" data-settings=\"{&quot;_animation&quot;:&quot;fadeInUp&quot;}\" data-widget_type=\"heading.default\">\n\t\t\t\t<div class=\"elementor-widget-container\">\n\t\t\t\t\t<h1 class=\"elementor-heading-title elementor-size-default\">Terms and Conditions<\/h1>\t\t\t\t<\/div>\n\t\t\t\t<\/div>\n\t\t\t\t<\/div>\n\t\t\t\t\t<\/div>\n\t\t\t\t<\/div>\n\t\t<div class=\"elementor-element elementor-element-689ca28 e-flex e-con-boxed e-con e-parent\" data-id=\"689ca28\" data-element_type=\"container\" data-e-type=\"container\">\n\t\t\t\t\t<div class=\"e-con-inner\">\n\t\t<div class=\"elementor-element elementor-element-b51badc e-flex e-con-boxed e-con e-child\" data-id=\"b51badc\" data-element_type=\"container\" data-e-type=\"container\">\n\t\t\t\t\t<div class=\"e-con-inner\">\n\t\t<div class=\"elementor-element elementor-element-b5318c8 e-flex e-con-boxed e-con e-child\" data-id=\"b5318c8\" data-element_type=\"container\" data-e-type=\"container\">\n\t\t\t\t\t<div class=\"e-con-inner\">\n\t\t<div class=\"elementor-element elementor-element-e5bb303 e-con-full e-flex e-con e-child\" data-id=\"e5bb303\" data-element_type=\"container\" data-e-type=\"container\">\n\t\t\t\t<div class=\"elementor-element elementor-element-dac265d elementor-widget elementor-widget-heading\" data-id=\"dac265d\" data-element_type=\"widget\" data-e-type=\"widget\" data-widget_type=\"heading.default\">\n\t\t\t\t<div class=\"elementor-widget-container\">\n\t\t\t\t\t<h2 class=\"elementor-heading-title elementor-size-default\">Terms and Conditions of Sale \u2013 CORY ALBERT INVESTISSEMENT IMMOBILIER INC (QC)<\/h2>\t\t\t\t<\/div>\n\t\t\t\t<\/div>\n\t\t\t\t<div class=\"elementor-element elementor-element-826c92a elementor-widget elementor-widget-heading\" data-id=\"826c92a\" data-element_type=\"widget\" data-e-type=\"widget\" data-widget_type=\"heading.default\">\n\t\t\t\t<div class=\"elementor-widget-container\">\n\t\t\t\t\t<h2 class=\"elementor-heading-title elementor-size-default\">Article 1: Scope<\/h2>\t\t\t\t<\/div>\n\t\t\t\t<\/div>\n\t\t\t\t<div class=\"elementor-element elementor-element-f7f3572 elementor-widget elementor-widget-text-editor\" data-id=\"f7f3572\" data-element_type=\"widget\" data-e-type=\"widget\" data-widget_type=\"text-editor.default\">\n\t\t\t\t<div class=\"elementor-widget-container\">\n\t\t\t\t\t\t\t\t\t<p>These general terms and conditions of sale apply to all transactions made through the websites operated by <strong>CORY ALBERT INVESTISSEMENT IMMOBILIER INC<\/strong>. Any individual or legal entity placing an order with <strong>CORY ALBERT INVESTISSEMENT IMMOBILIER INC<\/strong> through our secure payment platform, or by cheque or cash, is considered a &#8220;<strong>client<\/strong>.&#8221;<\/p>\t\t\t\t\t\t\t\t<\/div>\n\t\t\t\t<\/div>\n\t\t\t\t<div class=\"elementor-element elementor-element-0fad3cc elementor-widget elementor-widget-heading\" data-id=\"0fad3cc\" data-element_type=\"widget\" data-e-type=\"widget\" data-widget_type=\"heading.default\">\n\t\t\t\t<div class=\"elementor-widget-container\">\n\t\t\t\t\t<h2 class=\"elementor-heading-title elementor-size-default\">Article 1 bis: Age Limitation<\/h2>\t\t\t\t<\/div>\n\t\t\t\t<\/div>\n\t\t\t\t<div class=\"elementor-element elementor-element-c21e3d6 elementor-widget elementor-widget-text-editor\" data-id=\"c21e3d6\" data-element_type=\"widget\" data-e-type=\"widget\" data-widget_type=\"text-editor.default\">\n\t\t\t\t<div class=\"elementor-widget-container\">\n\t\t\t\t\t\t\t\t\t<p data-start=\"492\" data-end=\"1292\">Age restrictions apply: <strong>CORY ALBERT INVESTISSEMENT IMMOBILIER INC<\/strong> only accepts clients aged 18 or older (for physical and digital products), and 18 or older (for services such as coaching, workshops, and seminars).<br data-start=\"742\" data-end=\"745\" \/>We make every effort to restrict access to our websites, products, and services by minors. While our content is not offensive, it is intended for a mature audience capable of understanding the implications and responsibilities of the business world.<br data-start=\"994\" data-end=\"997\" \/>Anyone subscribed to our newsletter who does not meet the age requirement (over 16 years old) will be immediately removed from our database once this is known to us. Similarly, any client who does not meet these criteria will be immediately refunded, and any related product(s) must be returned.<\/p><p data-start=\"1294\" data-end=\"1384\"><strong data-start=\"1294\" data-end=\"1384\">CORY ALBERT INVESTISSEMENT IMMOBILIER INC \u2013 3200 Autoroute Laval O, Laval, QC, H7T 2H6<\/strong><\/p>\t\t\t\t\t\t\t\t<\/div>\n\t\t\t\t<\/div>\n\t\t\t\t<div class=\"elementor-element elementor-element-0993f44 elementor-widget elementor-widget-heading\" data-id=\"0993f44\" data-element_type=\"widget\" data-e-type=\"widget\" data-widget_type=\"heading.default\">\n\t\t\t\t<div class=\"elementor-widget-container\">\n\t\t\t\t\t<h2 class=\"elementor-heading-title elementor-size-default\">Article 2: Orders<\/h2>\t\t\t\t<\/div>\n\t\t\t\t<\/div>\n\t\t\t\t<div class=\"elementor-element elementor-element-cf3c955 elementor-widget elementor-widget-text-editor\" data-id=\"cf3c955\" data-element_type=\"widget\" data-e-type=\"widget\" data-widget_type=\"text-editor.default\">\n\t\t\t\t<div class=\"elementor-widget-container\">\n\t\t\t\t\t\t\t\t\t<p data-start=\"1386\" data-end=\"1556\">Placing an order with <strong>CORY ALBERT INVESTISSEMENT IMMOBILIER INC<\/strong> implies full and unconditional acceptance of these terms and conditions of sale.<\/p><p data-start=\"1558\" data-end=\"1620\">No refunds are issued for information products once ordered.<\/p><p data-start=\"1622\" data-end=\"1845\">No trial periods are available for online programs (Seminars, Certification) or coaching programs (EN DEVENIR, BLEU, ROUGE, ELITE) due to the confidentiality of <strong>CORY ALBERT INVESTISSEMENT IMMOBILIER INC<\/strong>&#8216;s program content.<\/p><p data-start=\"1847\" data-end=\"2033\">Clients may stop their program at any time (without a refund from <strong>CORY ALBERT INVESTISSEMENT IMMOBILIER INC<\/strong>) by submitting a request via email, which will be processed within 72 hours.<\/p><p data-start=\"2035\" data-end=\"2158\">In the event of stopping a program, the client will be billed for the current billing period at the time of cancellation.<\/p><p data-start=\"2160\" data-end=\"2268\">Example: If registration is in January and cancellation is in February, the client must pay for both months.<\/p><p data-start=\"2270\" data-end=\"2340\">Access to information products must be paid for in full by the client.<\/p>\t\t\t\t\t\t\t\t<\/div>\n\t\t\t\t<\/div>\n\t\t\t\t<div class=\"elementor-element elementor-element-a65c861 elementor-widget elementor-widget-heading\" data-id=\"a65c861\" data-element_type=\"widget\" data-e-type=\"widget\" data-widget_type=\"heading.default\">\n\t\t\t\t<div class=\"elementor-widget-container\">\n\t\t\t\t\t<h2 class=\"elementor-heading-title elementor-size-default\">Article 4: Payment<\/h2>\t\t\t\t<\/div>\n\t\t\t\t<\/div>\n\t\t\t\t<div class=\"elementor-element elementor-element-c213aa0 elementor-widget elementor-widget-text-editor\" data-id=\"c213aa0\" data-element_type=\"widget\" data-e-type=\"widget\" data-widget_type=\"text-editor.default\">\n\t\t\t\t<div class=\"elementor-widget-container\">\n\t\t\t\t\t\t\t\t\t<p data-start=\"2342\" data-end=\"2903\">Payment is due immediately upon ordering, including for pre-ordered products. You may pay by credit card. Cards issued by banks outside Canada must be international cards (Mastercard or Visa). We do not accept American Express.<br data-start=\"2594\" data-end=\"2597\" \/>Secure online payment by credit card is processed through Stripe. Information is encrypted according to industry standards and cannot be read during transmission over the network.<br data-start=\"2776\" data-end=\"2779\" \/>Any guarantee regarding the security of this system is entirely the responsibility of Stripe and cannot be attributed to us.<\/p><p data-start=\"2905\" data-end=\"2995\"><strong data-start=\"2905\" data-end=\"2995\">CORY ALBERT INVESTISSEMENT IMMOBILIER INC \u2013 3200 Autoroute Laval O, Laval, QC, H7T 2H6<\/strong><\/p>\t\t\t\t\t\t\t\t<\/div>\n\t\t\t\t<\/div>\n\t\t\t\t<div class=\"elementor-element elementor-element-0d29dd0 elementor-widget elementor-widget-heading\" data-id=\"0d29dd0\" data-element_type=\"widget\" data-e-type=\"widget\" data-widget_type=\"heading.default\">\n\t\t\t\t<div class=\"elementor-widget-container\">\n\t\t\t\t\t<h2 class=\"elementor-heading-title elementor-size-default\">Article 5: Delivery<\/h2>\t\t\t\t<\/div>\n\t\t\t\t<\/div>\n\t\t\t\t<div class=\"elementor-element elementor-element-5c6938b elementor-widget elementor-widget-text-editor\" data-id=\"5c6938b\" data-element_type=\"widget\" data-e-type=\"widget\" data-widget_type=\"text-editor.default\">\n\t\t\t\t<div class=\"elementor-widget-container\">\n\t\t\t\t\t\t\t\t\t<p data-start=\"2997\" data-end=\"3360\">Delivery is made to the address you provided at the time of your order (please ensure the spelling and postal code are correct). Risk transfers to you once the products have left our premises. However, in the case of a lost package, we will do our best to ensure you still receive your product or are refunded according to your warranty.<\/p>\t\t\t\t\t\t\t\t<\/div>\n\t\t\t\t<\/div>\n\t\t\t\t<div class=\"elementor-element elementor-element-8469f8b elementor-widget elementor-widget-heading\" data-id=\"8469f8b\" data-element_type=\"widget\" data-e-type=\"widget\" data-widget_type=\"heading.default\">\n\t\t\t\t<div class=\"elementor-widget-container\">\n\t\t\t\t\t<h2 class=\"elementor-heading-title elementor-size-default\">Article 6: Company Information \u2013 CORY ALBERT INVESTISSEMENT IMMOBILIER INC<\/h2>\t\t\t\t<\/div>\n\t\t\t\t<\/div>\n\t\t\t\t<div class=\"elementor-element elementor-element-c24e3a4 elementor-widget elementor-widget-text-editor\" data-id=\"c24e3a4\" data-element_type=\"widget\" data-e-type=\"widget\" data-widget_type=\"text-editor.default\">\n\t\t\t\t<div class=\"elementor-widget-container\">\n\t\t\t\t\t\t\t\t\t<p><strong>CORY ALBERT INVESTISSEMENT IMMOBILIER INC<\/strong> is a Canadian company with the following address:<br data-start=\"3534\" data-end=\"3537\" \/><strong data-start=\"3537\" data-end=\"3583\">3200 Autoroute Laval O, Laval, QC, H7T 2H6<\/strong><\/p>\t\t\t\t\t\t\t\t<\/div>\n\t\t\t\t<\/div>\n\t\t\t\t<\/div>\n\t\t\t\t\t<\/div>\n\t\t\t\t<\/div>\n\t\t\t\t\t<\/div>\n\t\t\t\t<\/div>\n\t\t\t\t\t<\/div>\n\t\t\t\t<\/div>\n\t\t\t\t<\/div>\n\t\t","protected":false},"excerpt":{"rendered":"<p>Terms and Conditions Terms and Conditions of Sale \u2013 CORY ALBERT INVESTISSEMENT IMMOBILIER INC (QC) Article 1: Scope These general terms and conditions of sale apply to all transactions made through the websites operated by CORY ALBERT INVESTISSEMENT IMMOBILIER INC. Any individual or legal entity placing an order with CORY ALBERT INVESTISSEMENT IMMOBILIER INC through [&hellip;]<\/p>\n","protected":false},"author":1,"featured_media":0,"parent":0,"menu_order":0,"comment_status":"closed","ping_status":"closed","template":"","meta":{"_acf_changed":false,"_seopress_robots_primary_cat":"","_seopress_titles_title":"Cory Albert | Mentor et Coach en Investissement immobilier","_seopress_titles_desc":"Au-del\u00e0 des chiffres et l\u2019argent, Cory est un ami et un mentor qui croit en la puissance de chacun \u00e0 b\u00e2tir sa propre libert\u00e9 financi\u00e8re gr\u00e2ce a l\u2019immobilier.","_seopress_robots_index":"","_monsterinsights_skip_tracking":false,"_monsterinsights_sitenote_active":false,"_monsterinsights_sitenote_note":"","_monsterinsights_sitenote_category":0,"footnotes":""},"class_list":["post-1844","page","type-page","status-publish","hentry"],"acf":[],"aioseo_notices":[],"_links":{"self":[{"href":"https:\/\/cory-albert.com\/en\/wp-json\/wp\/v2\/pages\/1844","targetHints":{"allow":["GET"]}}],"collection":[{"href":"https:\/\/cory-albert.com\/en\/wp-json\/wp\/v2\/pages"}],"about":[{"href":"https:\/\/cory-albert.com\/en\/wp-json\/wp\/v2\/types\/page"}],"author":[{"embeddable":true,"href":"https:\/\/cory-albert.com\/en\/wp-json\/wp\/v2\/users\/1"}],"replies":[{"embeddable":true,"href":"https:\/\/cory-albert.com\/en\/wp-json\/wp\/v2\/comments?post=1844"}],"version-history":[{"count":10,"href":"https:\/\/cory-albert.com\/en\/wp-json\/wp\/v2\/pages\/1844\/revisions"}],"predecessor-version":[{"id":1896,"href":"https:\/\/cory-albert.com\/en\/wp-json\/wp\/v2\/pages\/1844\/revisions\/1896"}],"wp:attachment":[{"href":"https:\/\/cory-albert.com\/en\/wp-json\/wp\/v2\/media?parent=1844"}],"curies":[{"name":"wp","href":"https:\/\/api.w.org\/{rel}","templated":true}]}}